{"id":2,"date":"2026-01-21T09:32:05","date_gmt":"2026-01-21T09:32:05","guid":{"rendered":"https:\/\/laparadazunilda.rkinformatika.online\/?page_id=2"},"modified":"2026-01-22T09:43:06","modified_gmt":"2026-01-22T09:43:06","slug":"inicio","status":"publish","type":"page","link":"https:\/\/laparadazunilda.com\/eu\/","title":{"rendered":"Hasiera"},"content":{"rendered":"<div data-elementor-type=\"wp-page\" data-elementor-id=\"2\" class=\"elementor elementor-2\" data-elementor-post-type=\"page\">\n\t\t\t\t<div class=\"elementor-element elementor-element-3f96699 e-flex e-con-boxed e-con e-parent\" data-id=\"3f96699\" data-element_type=\"container\" data-e-type=\"container\" data-settings=\"{&quot;background_background&quot;:&quot;classic&quot;}\">\n\t\t\t\t\t<div class=\"e-con-inner\">\n\t\t<div class=\"elementor-element elementor-element-f434772 e-con-full e-flex e-con e-child\" data-id=\"f434772\" data-element_type=\"container\" data-e-type=\"container\">\n\t\t\t\t<\/div>\n\t\t\t\t\t<\/div>\n\t\t\t\t<\/div>\n\t\t<div class=\"elementor-element elementor-element-d1681b0 e-flex e-con-boxed elementor-invisible e-con e-parent\" data-id=\"d1681b0\" data-element_type=\"container\" data-e-type=\"container\" data-settings=\"{&quot;background_background&quot;:&quot;classic&quot;,&quot;animation&quot;:&quot;fadeInLeft&quot;}\">\n\t\t\t\t\t<div class=\"e-con-inner\">\n\t\t<div class=\"elementor-element elementor-element-69ae85d e-con-full e-flex e-con e-child\" data-id=\"69ae85d\" data-element_type=\"container\" data-e-type=\"container\">\n\t\t\t\t<div class=\"elementor-element elementor-element-8c62306 elementor-widget__width-initial elementor-absolute elementor-widget elementor-widget-image\" data-id=\"8c62306\" data-element_type=\"widget\" data-e-type=\"widget\" data-settings=\"{&quot;_position&quot;:&quot;absolute&quot;}\" data-widget_type=\"image.default\">\n\t\t\t\t\t\t\t\t\t\t\t\t\t\t\t<img fetchpriority=\"high\" decoding=\"async\" width=\"300\" height=\"300\" src=\"https:\/\/laparadazunilda.com\/wp-content\/uploads\/2026\/01\/cropped-ico_web-300x300.png\" class=\"attachment-medium size-medium wp-image-30\" alt=\"\" srcset=\"https:\/\/laparadazunilda.com\/wp-content\/uploads\/2026\/01\/cropped-ico_web-300x300.png 300w, https:\/\/laparadazunilda.com\/wp-content\/uploads\/2026\/01\/cropped-ico_web-150x150.png 150w, https:\/\/laparadazunilda.com\/wp-content\/uploads\/2026\/01\/cropped-ico_web-12x12.png 12w, https:\/\/laparadazunilda.com\/wp-content\/uploads\/2026\/01\/cropped-ico_web-270x270.png 270w, https:\/\/laparadazunilda.com\/wp-content\/uploads\/2026\/01\/cropped-ico_web-192x192.png 192w, https:\/\/laparadazunilda.com\/wp-content\/uploads\/2026\/01\/cropped-ico_web-180x180.png 180w, https:\/\/laparadazunilda.com\/wp-content\/uploads\/2026\/01\/cropped-ico_web-32x32.png 32w, https:\/\/laparadazunilda.com\/wp-content\/uploads\/2026\/01\/cropped-ico_web.png 512w\" sizes=\"(max-width: 300px) 100vw, 300px\" \/>\t\t\t\t\t\t\t\t\t\t\t\t\t\t\t<\/div>\n\t\t\t\t<div class=\"elementor-element elementor-element-3fb37fb elementor-widget elementor-widget-spacer\" data-id=\"3fb37fb\" data-element_type=\"widget\" data-e-type=\"widget\" data-widget_type=\"spacer.default\">\n\t\t\t\t\t\t\t<div class=\"elementor-spacer\">\n\t\t\t<div class=\"elementor-spacer-inner\"><\/div>\n\t\t<\/div>\n\t\t\t\t\t\t<\/div>\n\t\t\t\t<div class=\"elementor-element elementor-element-0c9cbd7 elementor-widget elementor-widget-heading\" data-id=\"0c9cbd7\" data-element_type=\"widget\" data-e-type=\"widget\" data-widget_type=\"heading.default\">\n\t\t\t\t\t<h2 class=\"elementor-heading-title elementor-size-default\">Guri Buruz<\/h2>\t\t\t\t<\/div>\n\t\t\t\t<div class=\"elementor-element elementor-element-5a8d88d elementor-widget elementor-widget-heading\" data-id=\"5a8d88d\" data-element_type=\"widget\" data-e-type=\"widget\" data-widget_type=\"heading.default\">\n\t\t\t\t\t<h2 class=\"elementor-heading-title elementor-size-default\">Bar La Parada<\/h2>\t\t\t\t<\/div>\n\t\t\t\t<div class=\"elementor-element elementor-element-c65a49b elementor-widget elementor-widget-text-editor\" data-id=\"c65a49b\" data-element_type=\"widget\" data-e-type=\"widget\" data-widget_type=\"text-editor.default\">\n\t\t\t\t\t\t\t\t\t<p>Taberna eta jatetxea, duela urtebete hasi ginen sukaldaritza esperientzia paregabea eskaintzeko misioarekin.<\/p><p>Gure eskaintzan ogitartekoak, gourmet hanburgerrak, pizza artisauak eta etengabe aldatzen diren plater sorta bat daude.<\/p><p>Plater horiek aldatu egiten dira sasoiaren arabera, eta gure bezeroak harritzeko diseinatuta daude; aukera bereziak ditugu astegunetarako eta menu esklusibo bat astebururako, osagai fresko eta kalitate handikoekin egindako gozamenak barne.<\/p><p>\u00a0<\/p>\t\t\t\t\t\t\t\t<\/div>\n\t\t\t\t<\/div>\n\t\t<div class=\"elementor-element elementor-element-697994c e-con-full e-flex e-con e-child\" data-id=\"697994c\" data-element_type=\"container\" data-e-type=\"container\">\n\t\t\t\t<div class=\"elementor-element elementor-element-6681fb3 elementor-widget elementor-widget-image\" data-id=\"6681fb3\" data-element_type=\"widget\" data-e-type=\"widget\" data-widget_type=\"image.default\">\n\t\t\t\t\t\t\t\t\t\t\t\t\t\t\t<img decoding=\"async\" width=\"667\" height=\"1000\" src=\"https:\/\/laparadazunilda.com\/wp-content\/uploads\/2026\/01\/2147926082.jpg\" class=\"elementor-animation-shrink attachment-full size-full wp-image-242\" alt=\"\" srcset=\"https:\/\/laparadazunilda.com\/wp-content\/uploads\/2026\/01\/2147926082.jpg 667w, https:\/\/laparadazunilda.com\/wp-content\/uploads\/2026\/01\/2147926082-200x300.jpg 200w, https:\/\/laparadazunilda.com\/wp-content\/uploads\/2026\/01\/2147926082-8x12.jpg 8w\" sizes=\"(max-width: 667px) 100vw, 667px\" \/>\t\t\t\t\t\t\t\t\t\t\t\t\t\t\t<\/div>\n\t\t\t\t<\/div>\n\t\t\t\t\t<\/div>\n\t\t\t\t<\/div>\n\t\t<div class=\"elementor-element elementor-element-41ae0d8 e-flex e-con-boxed e-con e-parent\" data-id=\"41ae0d8\" data-element_type=\"container\" data-e-type=\"container\" data-settings=\"{&quot;background_background&quot;:&quot;classic&quot;}\">\n\t\t\t\t\t<div class=\"e-con-inner\">\n\t\t\t\t<div class=\"elementor-element elementor-element-17fb3e2 elementor-invisible elementor-widget elementor-widget-heading\" data-id=\"17fb3e2\" data-element_type=\"widget\" data-e-type=\"widget\" data-settings=\"{&quot;_animation&quot;:&quot;fadeInRight&quot;}\" data-widget_type=\"heading.default\">\n\t\t\t\t\t<h2 class=\"elementor-heading-title elementor-size-default\">Bisita bakoitza abentura gastronomiko berri bat izatea da gure helburua.<\/h2>\t\t\t\t<\/div>\n\t\t\t\t<div class=\"elementor-element elementor-element-21f916e elementor-tablet-align-center elementor-widget elementor-widget-button\" data-id=\"21f916e\" data-element_type=\"widget\" data-e-type=\"widget\" data-widget_type=\"button.default\">\n\t\t\t\t\t\t\t\t\t\t<a class=\"elementor-button elementor-button-link elementor-size-sm elementor-animation-pop\" href=\"\/eu\/servicios\/\">\n\t\t\t\t\t\t<span class=\"elementor-button-content-wrapper\">\n\t\t\t\t\t\t\t\t\t<span class=\"elementor-button-text\">Zerbitztuak<\/span>\n\t\t\t\t\t<\/span>\n\t\t\t\t\t<\/a>\n\t\t\t\t\t\t\t\t<\/div>\n\t\t\t\t\t<\/div>\n\t\t\t\t<\/div>\n\t\t<div class=\"elementor-element elementor-element-f49b486 e-flex e-con-boxed elementor-invisible e-con e-parent\" data-id=\"f49b486\" data-element_type=\"container\" data-e-type=\"container\" data-settings=\"{&quot;background_background&quot;:&quot;classic&quot;,&quot;animation&quot;:&quot;fadeInLeft&quot;}\">\n\t\t\t\t\t<div class=\"e-con-inner\">\n\t\t<div class=\"elementor-element elementor-element-9bef79f e-con-full e-flex e-con e-child\" data-id=\"9bef79f\" data-element_type=\"container\" data-e-type=\"container\">\n\t\t\t\t<div class=\"elementor-element elementor-element-4818264 elementor-widget__width-initial elementor-absolute elementor-widget elementor-widget-image\" data-id=\"4818264\" data-element_type=\"widget\" data-e-type=\"widget\" data-settings=\"{&quot;_position&quot;:&quot;absolute&quot;}\" data-widget_type=\"image.default\">\n\t\t\t\t\t\t\t\t\t\t\t\t\t\t\t<img fetchpriority=\"high\" decoding=\"async\" width=\"300\" height=\"300\" src=\"https:\/\/laparadazunilda.com\/wp-content\/uploads\/2026\/01\/cropped-ico_web-300x300.png\" class=\"attachment-medium size-medium wp-image-30\" alt=\"\" srcset=\"https:\/\/laparadazunilda.com\/wp-content\/uploads\/2026\/01\/cropped-ico_web-300x300.png 300w, https:\/\/laparadazunilda.com\/wp-content\/uploads\/2026\/01\/cropped-ico_web-150x150.png 150w, https:\/\/laparadazunilda.com\/wp-content\/uploads\/2026\/01\/cropped-ico_web-12x12.png 12w, https:\/\/laparadazunilda.com\/wp-content\/uploads\/2026\/01\/cropped-ico_web-270x270.png 270w, https:\/\/laparadazunilda.com\/wp-content\/uploads\/2026\/01\/cropped-ico_web-192x192.png 192w, https:\/\/laparadazunilda.com\/wp-content\/uploads\/2026\/01\/cropped-ico_web-180x180.png 180w, https:\/\/laparadazunilda.com\/wp-content\/uploads\/2026\/01\/cropped-ico_web-32x32.png 32w, https:\/\/laparadazunilda.com\/wp-content\/uploads\/2026\/01\/cropped-ico_web.png 512w\" sizes=\"(max-width: 300px) 100vw, 300px\" \/>\t\t\t\t\t\t\t\t\t\t\t\t\t\t\t<\/div>\n\t\t\t\t<div class=\"elementor-element elementor-element-5e124f1 elementor-widget elementor-widget-heading\" data-id=\"5e124f1\" data-element_type=\"widget\" data-e-type=\"widget\" data-widget_type=\"heading.default\">\n\t\t\t\t\t<h2 class=\"elementor-heading-title elementor-size-default\">Gure platerak<\/h2>\t\t\t\t<\/div>\n\t\t\t\t<div class=\"elementor-element elementor-element-b55fa34 elementor-widget elementor-widget-heading\" data-id=\"b55fa34\" data-element_type=\"widget\" data-e-type=\"widget\" data-widget_type=\"heading.default\">\n\t\t\t\t\t<h2 class=\"elementor-heading-title elementor-size-default\">Ezagutu gure zapore ona!<\/h2>\t\t\t\t<\/div>\n\t\t\t\t<\/div>\n\t\t\t\t\t<\/div>\n\t\t\t\t<\/div>\n\t\t<div class=\"elementor-element elementor-element-57e6012 e-flex e-con-boxed e-con e-parent\" data-id=\"57e6012\" data-element_type=\"container\" data-e-type=\"container\">\n\t\t\t\t\t<div class=\"e-con-inner\">\n\t\t<div class=\"elementor-element elementor-element-3d4fb59 e-con-full e-flex e-con e-child\" data-id=\"3d4fb59\" data-element_type=\"container\" data-e-type=\"container\">\n\t\t\t\t<div class=\"elementor-element elementor-element-a02e119 elementor-widget elementor-widget-image\" data-id=\"a02e119\" data-element_type=\"widget\" data-e-type=\"widget\" data-widget_type=\"image.default\">\n\t\t\t\t\t\t\t\t\t\t\t\t\t\t\t<img decoding=\"async\" width=\"800\" height=\"800\" src=\"https:\/\/laparadazunilda.com\/wp-content\/uploads\/2026\/01\/2-1024x1024.jpg\" class=\"elementor-animation-shrink attachment-large size-large wp-image-413\" alt=\"\" srcset=\"https:\/\/laparadazunilda.com\/wp-content\/uploads\/2026\/01\/2-1024x1024.jpg 1024w, https:\/\/laparadazunilda.com\/wp-content\/uploads\/2026\/01\/2-300x300.jpg 300w, https:\/\/laparadazunilda.com\/wp-content\/uploads\/2026\/01\/2-150x150.jpg 150w, https:\/\/laparadazunilda.com\/wp-content\/uploads\/2026\/01\/2-768x768.jpg 768w, https:\/\/laparadazunilda.com\/wp-content\/uploads\/2026\/01\/2-12x12.jpg 12w, https:\/\/laparadazunilda.com\/wp-content\/uploads\/2026\/01\/2.jpg 1080w\" sizes=\"(max-width: 800px) 100vw, 800px\" \/>\t\t\t\t\t\t\t\t\t\t\t\t\t\t\t<\/div>\n\t\t\t\t<div class=\"elementor-element elementor-element-34908f5 elementor-widget elementor-widget-heading\" data-id=\"34908f5\" data-element_type=\"widget\" data-e-type=\"widget\" data-widget_type=\"heading.default\">\n\t\t\t\t\t<h2 class=\"elementor-heading-title elementor-size-default\">Ogitartekoak<\/h2>\t\t\t\t<\/div>\n\t\t\t\t<\/div>\n\t\t<div class=\"elementor-element elementor-element-64c415e e-con-full e-flex e-con e-child\" data-id=\"64c415e\" data-element_type=\"container\" data-e-type=\"container\">\n\t\t\t\t<div class=\"elementor-element elementor-element-1eb7749 elementor-widget elementor-widget-image\" data-id=\"1eb7749\" data-element_type=\"widget\" data-e-type=\"widget\" data-widget_type=\"image.default\">\n\t\t\t\t\t\t\t\t\t\t\t\t\t\t\t<img loading=\"lazy\" decoding=\"async\" width=\"800\" height=\"867\" src=\"https:\/\/laparadazunilda.com\/wp-content\/uploads\/2026\/01\/WhatsApp-Image-2026-01-16-at-12.47.37-945x1024.jpeg\" class=\"elementor-animation-shrink attachment-large size-large wp-image-174\" alt=\"\" srcset=\"https:\/\/laparadazunilda.com\/wp-content\/uploads\/2026\/01\/WhatsApp-Image-2026-01-16-at-12.47.37-945x1024.jpeg 945w, https:\/\/laparadazunilda.com\/wp-content\/uploads\/2026\/01\/WhatsApp-Image-2026-01-16-at-12.47.37-277x300.jpeg 277w, https:\/\/laparadazunilda.com\/wp-content\/uploads\/2026\/01\/WhatsApp-Image-2026-01-16-at-12.47.37-768x832.jpeg 768w, https:\/\/laparadazunilda.com\/wp-content\/uploads\/2026\/01\/WhatsApp-Image-2026-01-16-at-12.47.37-1418x1536.jpeg 1418w, https:\/\/laparadazunilda.com\/wp-content\/uploads\/2026\/01\/WhatsApp-Image-2026-01-16-at-12.47.37-11x12.jpeg 11w, https:\/\/laparadazunilda.com\/wp-content\/uploads\/2026\/01\/WhatsApp-Image-2026-01-16-at-12.47.37.jpeg 1477w\" sizes=\"(max-width: 800px) 100vw, 800px\" \/>\t\t\t\t\t\t\t\t\t\t\t\t\t\t\t<\/div>\n\t\t\t\t<div class=\"elementor-element elementor-element-c0fee57 elementor-widget elementor-widget-heading\" data-id=\"c0fee57\" data-element_type=\"widget\" data-e-type=\"widget\" data-widget_type=\"heading.default\">\n\t\t\t\t\t<h2 class=\"elementor-heading-title elementor-size-default\">Hanburgesak<\/h2>\t\t\t\t<\/div>\n\t\t\t\t<\/div>\n\t\t<div class=\"elementor-element elementor-element-e158627 e-con-full e-flex e-con e-child\" data-id=\"e158627\" data-element_type=\"container\" data-e-type=\"container\">\n\t\t\t\t<div class=\"elementor-element elementor-element-28e8c61 elementor-widget elementor-widget-image\" data-id=\"28e8c61\" data-element_type=\"widget\" data-e-type=\"widget\" data-widget_type=\"image.default\">\n\t\t\t\t\t\t\t\t\t\t\t\t\t\t\t<img loading=\"lazy\" decoding=\"async\" width=\"768\" height=\"1024\" src=\"https:\/\/laparadazunilda.com\/wp-content\/uploads\/2026\/01\/WhatsApp-Image-2026-01-16-at-12.23.27-768x1024.jpeg\" class=\"elementor-animation-shrink attachment-large size-large wp-image-176\" alt=\"\" srcset=\"https:\/\/laparadazunilda.com\/wp-content\/uploads\/2026\/01\/WhatsApp-Image-2026-01-16-at-12.23.27-768x1024.jpeg 768w, https:\/\/laparadazunilda.com\/wp-content\/uploads\/2026\/01\/WhatsApp-Image-2026-01-16-at-12.23.27-225x300.jpeg 225w, https:\/\/laparadazunilda.com\/wp-content\/uploads\/2026\/01\/WhatsApp-Image-2026-01-16-at-12.23.27-1152x1536.jpeg 1152w, https:\/\/laparadazunilda.com\/wp-content\/uploads\/2026\/01\/WhatsApp-Image-2026-01-16-at-12.23.27-9x12.jpeg 9w, https:\/\/laparadazunilda.com\/wp-content\/uploads\/2026\/01\/WhatsApp-Image-2026-01-16-at-12.23.27.jpeg 1500w\" sizes=\"(max-width: 768px) 100vw, 768px\" \/>\t\t\t\t\t\t\t\t\t\t\t\t\t\t\t<\/div>\n\t\t\t\t<div class=\"elementor-element elementor-element-93167ab elementor-widget elementor-widget-heading\" data-id=\"93167ab\" data-element_type=\"widget\" data-e-type=\"widget\" data-widget_type=\"heading.default\">\n\t\t\t\t\t<h2 class=\"elementor-heading-title elementor-size-default\">Pizzak<\/h2>\t\t\t\t<\/div>\n\t\t\t\t<\/div>\n\t\t\t\t\t<\/div>\n\t\t\t\t<\/div>\n\t\t\t\t<\/div>","protected":false},"excerpt":{"rendered":"<p>Sobre Nosotros Bar La Parada Bar y restaurante, comenzamos hace un a\u00f1o con la misi\u00f3n de ofrecer una experiencia culinaria \u00fanica. Nuestra oferta incluye una amplia variedad de bocadillos, hamburguesas gourmet, pizzas artesanales y una selecci\u00f3n de platos a la carta que cambian constantemente. Estos platos var\u00edan en funci\u00f3n de la temporada y est\u00e1n dise\u00f1ados [&hellip;]<\/p>\n","protected":false},"author":1,"featured_media":0,"parent":0,"menu_order":0,"comment_status":"closed","ping_status":"closed","template":"elementor_canvas","meta":{"footnotes":""},"class_list":["post-2","page","type-page","status-publish","hentry"],"yoast_head":"<!-- This site is optimized with the Yoast SEO plugin v27.5 - https:\/\/yoast.com\/product\/yoast-seo-wordpress\/ -->\n<title>Inicio - Bar La Parada<\/title>\n<meta name=\"robots\" content=\"index, follow, max-snippet:-1, max-image-preview:large, max-video-preview:-1\" \/>\n<link rel=\"canonical\" href=\"https:\/\/laparadazunilda.com\/eu\/\" \/>\n<meta property=\"og:locale\" content=\"en_US\" \/>\n<meta property=\"og:type\" content=\"article\" \/>\n<meta property=\"og:title\" content=\"Inicio - Bar La Parada\" \/>\n<meta property=\"og:description\" content=\"Sobre Nosotros Bar La Parada Bar y restaurante, comenzamos hace un a\u00f1o con la misi\u00f3n de ofrecer una experiencia culinaria \u00fanica. Nuestra oferta incluye una amplia variedad de bocadillos, hamburguesas gourmet, pizzas artesanales y una selecci\u00f3n de platos a la carta que cambian constantemente. Estos platos var\u00edan en funci\u00f3n de la temporada y est\u00e1n dise\u00f1ados [&hellip;]\" \/>\n<meta property=\"og:url\" content=\"https:\/\/laparadazunilda.com\/eu\/\" \/>\n<meta property=\"og:site_name\" content=\"Bar La Parada\" \/>\n<meta property=\"article:modified_time\" content=\"2026-01-22T09:43:06+00:00\" \/>\n<meta property=\"og:image\" content=\"https:\/\/laparadazunilda.com\/wp-content\/uploads\/2026\/01\/cropped-ico_web-300x300.png\" \/>\n<meta name=\"twitter:card\" content=\"summary_large_image\" \/>\n<meta name=\"twitter:label1\" content=\"Est. reading time\" \/>\n\t<meta name=\"twitter:data1\" content=\"1 minutua\" \/>\n<script type=\"application\/ld+json\" class=\"yoast-schema-graph\">{\"@context\":\"https:\\\/\\\/schema.org\",\"@graph\":[{\"@type\":\"WebPage\",\"@id\":\"https:\\\/\\\/laparadazunilda.com\\\/\",\"url\":\"https:\\\/\\\/laparadazunilda.com\\\/\",\"name\":\"Inicio - Bar La Parada\",\"isPartOf\":{\"@id\":\"https:\\\/\\\/laparadazunilda.com\\\/#website\"},\"primaryImageOfPage\":{\"@id\":\"https:\\\/\\\/laparadazunilda.com\\\/#primaryimage\"},\"image\":{\"@id\":\"https:\\\/\\\/laparadazunilda.com\\\/#primaryimage\"},\"thumbnailUrl\":\"https:\\\/\\\/laparadazunilda.com\\\/wp-content\\\/uploads\\\/2026\\\/01\\\/cropped-ico_web-300x300.png\",\"datePublished\":\"2026-01-21T09:32:05+00:00\",\"dateModified\":\"2026-01-22T09:43:06+00:00\",\"breadcrumb\":{\"@id\":\"https:\\\/\\\/laparadazunilda.com\\\/#breadcrumb\"},\"inLanguage\":\"eu\",\"potentialAction\":[{\"@type\":\"ReadAction\",\"target\":[\"https:\\\/\\\/laparadazunilda.com\\\/\"]}]},{\"@type\":\"ImageObject\",\"inLanguage\":\"eu\",\"@id\":\"https:\\\/\\\/laparadazunilda.com\\\/#primaryimage\",\"url\":\"https:\\\/\\\/laparadazunilda.com\\\/wp-content\\\/uploads\\\/2026\\\/01\\\/cropped-ico_web-300x300.png\",\"contentUrl\":\"https:\\\/\\\/laparadazunilda.com\\\/wp-content\\\/uploads\\\/2026\\\/01\\\/cropped-ico_web-300x300.png\"},{\"@type\":\"BreadcrumbList\",\"@id\":\"https:\\\/\\\/laparadazunilda.com\\\/#breadcrumb\",\"itemListElement\":[{\"@type\":\"ListItem\",\"position\":1,\"name\":\"Portada\",\"item\":\"https:\\\/\\\/laparadazunilda.com\\\/\"},{\"@type\":\"ListItem\",\"position\":2,\"name\":\"Inicio\"}]},{\"@type\":\"WebSite\",\"@id\":\"https:\\\/\\\/laparadazunilda.com\\\/#website\",\"url\":\"https:\\\/\\\/laparadazunilda.com\\\/\",\"name\":\"Bar La Parada\",\"description\":\"Bar La Parada\",\"publisher\":{\"@id\":\"https:\\\/\\\/laparadazunilda.com\\\/#organization\"},\"potentialAction\":[{\"@type\":\"SearchAction\",\"target\":{\"@type\":\"EntryPoint\",\"urlTemplate\":\"https:\\\/\\\/laparadazunilda.com\\\/?s={search_term_string}\"},\"query-input\":{\"@type\":\"PropertyValueSpecification\",\"valueRequired\":true,\"valueName\":\"search_term_string\"}}],\"inLanguage\":\"eu\"},{\"@type\":\"Organization\",\"@id\":\"https:\\\/\\\/laparadazunilda.com\\\/#organization\",\"name\":\"Bar La Parada\",\"url\":\"https:\\\/\\\/laparadazunilda.com\\\/\",\"logo\":{\"@type\":\"ImageObject\",\"inLanguage\":\"eu\",\"@id\":\"https:\\\/\\\/laparadazunilda.com\\\/#\\\/schema\\\/logo\\\/image\\\/\",\"url\":\"https:\\\/\\\/laparadazunilda.com\\\/wp-content\\\/uploads\\\/2026\\\/01\\\/logo_web-removebg-preview.png\",\"contentUrl\":\"https:\\\/\\\/laparadazunilda.com\\\/wp-content\\\/uploads\\\/2026\\\/01\\\/logo_web-removebg-preview.png\",\"width\":739,\"height\":338,\"caption\":\"Bar La Parada\"},\"image\":{\"@id\":\"https:\\\/\\\/laparadazunilda.com\\\/#\\\/schema\\\/logo\\\/image\\\/\"}}]}<\/script>\n<!-- \/ Yoast SEO plugin. -->","yoast_head_json":{"title":"Inicio - Bar La Parada","robots":{"index":"index","follow":"follow","max-snippet":"max-snippet:-1","max-image-preview":"max-image-preview:large","max-video-preview":"max-video-preview:-1"},"canonical":"https:\/\/laparadazunilda.com\/eu\/","og_locale":"en_US","og_type":"article","og_title":"Inicio - Bar La Parada","og_description":"Sobre Nosotros Bar La Parada Bar y restaurante, comenzamos hace un a\u00f1o con la misi\u00f3n de ofrecer una experiencia culinaria \u00fanica. Nuestra oferta incluye una amplia variedad de bocadillos, hamburguesas gourmet, pizzas artesanales y una selecci\u00f3n de platos a la carta que cambian constantemente. Estos platos var\u00edan en funci\u00f3n de la temporada y est\u00e1n dise\u00f1ados [&hellip;]","og_url":"https:\/\/laparadazunilda.com\/eu\/","og_site_name":"Bar La Parada","article_modified_time":"2026-01-22T09:43:06+00:00","og_image":[{"url":"https:\/\/laparadazunilda.com\/wp-content\/uploads\/2026\/01\/cropped-ico_web-300x300.png","type":"","width":"","height":""}],"twitter_card":"summary_large_image","twitter_misc":{"Est. reading time":"1 minutua"},"schema":{"@context":"https:\/\/schema.org","@graph":[{"@type":"WebPage","@id":"https:\/\/laparadazunilda.com\/","url":"https:\/\/laparadazunilda.com\/","name":"Inicio - Bar La Parada","isPartOf":{"@id":"https:\/\/laparadazunilda.com\/#website"},"primaryImageOfPage":{"@id":"https:\/\/laparadazunilda.com\/#primaryimage"},"image":{"@id":"https:\/\/laparadazunilda.com\/#primaryimage"},"thumbnailUrl":"https:\/\/laparadazunilda.com\/wp-content\/uploads\/2026\/01\/cropped-ico_web-300x300.png","datePublished":"2026-01-21T09:32:05+00:00","dateModified":"2026-01-22T09:43:06+00:00","breadcrumb":{"@id":"https:\/\/laparadazunilda.com\/#breadcrumb"},"inLanguage":"eu","potentialAction":[{"@type":"ReadAction","target":["https:\/\/laparadazunilda.com\/"]}]},{"@type":"ImageObject","inLanguage":"eu","@id":"https:\/\/laparadazunilda.com\/#primaryimage","url":"https:\/\/laparadazunilda.com\/wp-content\/uploads\/2026\/01\/cropped-ico_web-300x300.png","contentUrl":"https:\/\/laparadazunilda.com\/wp-content\/uploads\/2026\/01\/cropped-ico_web-300x300.png"},{"@type":"BreadcrumbList","@id":"https:\/\/laparadazunilda.com\/#breadcrumb","itemListElement":[{"@type":"ListItem","position":1,"name":"Portada","item":"https:\/\/laparadazunilda.com\/"},{"@type":"ListItem","position":2,"name":"Inicio"}]},{"@type":"WebSite","@id":"https:\/\/laparadazunilda.com\/#website","url":"https:\/\/laparadazunilda.com\/","name":"Bar La Parada","description":"Bar La Parada","publisher":{"@id":"https:\/\/laparadazunilda.com\/#organization"},"potentialAction":[{"@type":"SearchAction","target":{"@type":"EntryPoint","urlTemplate":"https:\/\/laparadazunilda.com\/?s={search_term_string}"},"query-input":{"@type":"PropertyValueSpecification","valueRequired":true,"valueName":"search_term_string"}}],"inLanguage":"eu"},{"@type":"Organization","@id":"https:\/\/laparadazunilda.com\/#organization","name":"Bar La Parada","url":"https:\/\/laparadazunilda.com\/","logo":{"@type":"ImageObject","inLanguage":"eu","@id":"https:\/\/laparadazunilda.com\/#\/schema\/logo\/image\/","url":"https:\/\/laparadazunilda.com\/wp-content\/uploads\/2026\/01\/logo_web-removebg-preview.png","contentUrl":"https:\/\/laparadazunilda.com\/wp-content\/uploads\/2026\/01\/logo_web-removebg-preview.png","width":739,"height":338,"caption":"Bar La Parada"},"image":{"@id":"https:\/\/laparadazunilda.com\/#\/schema\/logo\/image\/"}}]}},"_links":{"self":[{"href":"https:\/\/laparadazunilda.com\/eu\/wp-json\/wp\/v2\/pages\/2","targetHints":{"allow":["GET"]}}],"collection":[{"href":"https:\/\/laparadazunilda.com\/eu\/wp-json\/wp\/v2\/pages"}],"about":[{"href":"https:\/\/laparadazunilda.com\/eu\/wp-json\/wp\/v2\/types\/page"}],"author":[{"embeddable":true,"href":"https:\/\/laparadazunilda.com\/eu\/wp-json\/wp\/v2\/users\/1"}],"replies":[{"embeddable":true,"href":"https:\/\/laparadazunilda.com\/eu\/wp-json\/wp\/v2\/comments?post=2"}],"version-history":[{"count":98,"href":"https:\/\/laparadazunilda.com\/eu\/wp-json\/wp\/v2\/pages\/2\/revisions"}],"predecessor-version":[{"id":419,"href":"https:\/\/laparadazunilda.com\/eu\/wp-json\/wp\/v2\/pages\/2\/revisions\/419"}],"wp:attachment":[{"href":"https:\/\/laparadazunilda.com\/eu\/wp-json\/wp\/v2\/media?parent=2"}],"curies":[{"name":"wp","href":"https:\/\/api.w.org\/{rel}","templated":true}]}}